{"id":1094,"date":"2021-12-16T08:26:53","date_gmt":"2021-12-16T07:26:53","guid":{"rendered":"http:\/\/albertpark.sk\/ubytovna\/"},"modified":"2022-11-03T21:58:53","modified_gmt":"2022-11-03T20:58:53","slug":"munkasszallo","status":"publish","type":"page","link":"http:\/\/albertpark.sk\/hu\/munkasszallo\/","title":{"rendered":"Munk\u00e1ssz\u00e1ll\u00f3"},"content":{"rendered":"<p>[vc_row rt_row_background_width=&#8221;default&#8221; rt_row_style=&#8221;default-style&#8221; rt_row_borders=&#8221;&#8221; rt_row_paddings=&#8221;true&#8221; rt_bg_effect=&#8221;classic&#8221; rt_bg_image_repeat=&#8221;repeat&#8221; rt_bg_size=&#8221;cover&#8221; rt_bg_position=&#8221;right top&#8221; rt_bg_attachment=&#8221;scroll&#8221; rt_bg_video_format=&#8221;self-hosted&#8221;][vc_column rt_wrp_col_paddings=&#8221;false&#8221; rt_border_top=&#8221;&#8221; rt_border_bottom=&#8221;&#8221; rt_border_left=&#8221;&#8221; rt_border_right=&#8221;&#8221; rt_border_top_mobile=&#8221;&#8221; rt_border_bottom_mobile=&#8221;&#8221; rt_border_left_mobile=&#8221;&#8221; rt_border_right_mobile=&#8221;&#8221; rt_bg_image_repeat=&#8221;repeat&#8221; rt_bg_size=&#8221;auto auto&#8221; rt_bg_position=&#8221;right top&#8221; rt_bg_attachment=&#8221;scroll&#8221;]<div class=\"rt_heading_wrapper style-2\">\n\t\t\t\t\t\t<h1 class=\"rt_heading  style-2\"  style=\"margin-top:20px;\"><span class=\"icon-users heading_icon\"><\/span>Munk\u00e1ssz\u00e1ll\u00f3<\/h1>\n\t\t\t\t\t<\/div>[\/vc_column][\/vc_row][vc_row rt_row_background_width=&#8221;default&#8221; rt_row_style=&#8221;default-style&#8221; rt_row_borders=&#8221;&#8221; rt_row_paddings=&#8221;true&#8221; rt_bg_effect=&#8221;classic&#8221; rt_bg_image_repeat=&#8221;repeat&#8221; rt_bg_size=&#8221;cover&#8221; rt_bg_position=&#8221;right top&#8221; rt_bg_attachment=&#8221;scroll&#8221; rt_bg_video_format=&#8221;self-hosted&#8221;][vc_column rt_wrp_col_paddings=&#8221;false&#8221; rt_border_top=&#8221;&#8221; rt_border_bottom=&#8221;&#8221; rt_border_left=&#8221;&#8221; rt_border_right=&#8221;&#8221; rt_border_top_mobile=&#8221;&#8221; rt_border_bottom_mobile=&#8221;&#8221; rt_border_left_mobile=&#8221;&#8221; rt_border_right_mobile=&#8221;&#8221; rt_bg_image_repeat=&#8221;repeat&#8221; rt_bg_size=&#8221;auto auto&#8221; rt_bg_position=&#8221;right top&#8221; rt_bg_attachment=&#8221;scroll&#8221;][vc_column_text]<\/p>\n<p style=\"font-weight: 400;\">Az ALBERT\u00cb, s.r.o. k\u00e9t munk\u00e1ssz\u00e1ll\u00f3val rendelkezik. Mindk\u00e9t sz\u00e1ll\u00f3 az ALBERT Building komplexum udvar\u00e1n tal\u00e1lhat\u00f3. Egy nagyobb, 35 f\u0151 befogad\u00e1s\u00e1ra alkalmas, k\u00fcl\u00f6n bej\u00e1rat\u00fa sz\u00e1ll\u00f3, amelynek ter\u00fclete 950 n\u00e9gyzetm\u00e9ter. A pinc\u00e9ben t\u00e1rol\u00f3hely, fitneszterem \u00e9s b\u00e1r tal\u00e1lhat\u00f3. Az \u00e9p\u00fclet f\u00f6ldszintj\u00e9n szoci\u00e1lis helyis\u00e9gek, konyha, t\u00e1rsalg\u00f3 tal\u00e1lhat\u00f3. A sz\u00e1ll\u00f3 emelet\u00e9n 11 h\u00e1l\u00f3szoba \u00e9s szoci\u00e1lis helyis\u00e9gek vannak. A sz\u00e1ll\u00f3 2019-ben r\u00e9szleges fel\u00faj\u00edt\u00e1son esett \u00e1t.<\/p>\n<p style=\"font-weight: 400;\">A 320 n\u00e9gyzetm\u00e9ter alapter\u00fclet\u0171 kisebb, 35 f\u0151s munk\u00e1ssz\u00e1ll\u00f3 saj\u00e1t bej\u00e1rattal rendelkezik \u00e9s egy m\u00e1sik \u00e9p\u00fclet els\u0151 emelet\u00e9n tal\u00e1lhat\u00f3. Konyha, szoci\u00e1lis helyis\u00e9gek \u00e9s 11 szoba \u00e1ll a rendelkez\u00e9sre.<\/p>\n<p>[\/vc_column_text][\/vc_column][\/vc_row][vc_row rt_row_background_width=&#8221;default&#8221; rt_row_style=&#8221;default-style&#8221; rt_row_borders=&#8221;&#8221; rt_row_paddings=&#8221;true&#8221; rt_bg_effect=&#8221;classic&#8221; rt_bg_image_repeat=&#8221;repeat&#8221; rt_bg_size=&#8221;cover&#8221; rt_bg_position=&#8221;right top&#8221; rt_bg_attachment=&#8221;scroll&#8221; rt_bg_video_format=&#8221;self-hosted&#8221;][vc_column rt_wrp_col_paddings=&#8221;false&#8221; rt_border_top=&#8221;&#8221; rt_border_bottom=&#8221;&#8221; rt_border_left=&#8221;&#8221; rt_border_right=&#8221;&#8221; rt_border_top_mobile=&#8221;&#8221; rt_border_bottom_mobile=&#8221;&#8221; rt_border_left_mobile=&#8221;&#8221; rt_border_right_mobile=&#8221;&#8221; rt_bg_image_repeat=&#8221;repeat&#8221; rt_bg_size=&#8221;auto auto&#8221; rt_bg_position=&#8221;right top&#8221; rt_bg_attachment=&#8221;scroll&#8221;][vc_gallery type=&#8221;image_grid&#8221; images=&#8221;1065,1068,1071,1074,1077,1080,1083,1086,1089&#8243;][\/vc_column][\/vc_row]<\/p>\n","protected":false},"excerpt":{"rendered":"<p>[vc_row rt_row_background_width=&#8221;default&#8221; rt_row_style=&#8221;default-style&#8221; rt_row_borders=&#8221;&#8221; rt_row_paddings=&#8221;true&#8221; rt_bg_effect=&#8221;classic&#8221; rt_bg_image_repeat=&#8221;repeat&#8221; rt_bg_size=&#8221;cover&#8221; rt_bg_position=&#8221;right top&#8221; rt_bg_attachment=&#8221;scroll&#8221; rt_bg_video_format=&#8221;self-hosted&#8221;][vc_column rt_wrp_col_paddings=&#8221;false&#8221; rt_border_top=&#8221;&#8221; rt_border_bottom=&#8221;&#8221; rt_border_left=&#8221;&#8221; rt_border_right=&#8221;&#8221; rt_border_top_mobile=&#8221;&#8221; rt_border_bottom_mobile=&#8221;&#8221; rt_border_left_mobile=&#8221;&#8221; rt_border_right_mobile=&#8221;&#8221; rt_bg_image_repeat=&#8221;repeat&#8221; rt_bg_size=&#8221;auto auto&#8221; rt_bg_position=&#8221;right top&#8221; rt_bg_attachment=&#8221;scroll&#8221;][\/vc_column][\/vc_row][vc_row rt_row_background_width=&#8221;default&#8221; rt_row_style=&#8221;default-style&#8221; rt_row_borders=&#8221;&#8221; rt_row_paddings=&#8221;true&#8221; rt_bg_effect=&#8221;classic&#8221; rt_bg_image_repeat=&#8221;repeat&#8221; rt_bg_size=&#8221;cover&#8221; rt_bg_position=&#8221;right top&#8221; rt_bg_attachment=&#8221;scroll&#8221; rt_bg_video_format=&#8221;self-hosted&#8221;][vc_column rt_wrp_col_paddings=&#8221;false&#8221; rt_border_top=&#8221;&#8221; rt_border_bottom=&#8221;&#8221; rt_border_left=&#8221;&#8221; rt_border_right=&#8221;&#8221; rt_border_top_mobile=&#8221;&#8221; rt_border_bottom_mobile=&#8221;&#8221; rt_border_left_mobile=&#8221;&#8221; rt_border_right_mobile=&#8221;&#8221; rt_bg_image_repeat=&#8221;repeat&#8221; rt_bg_size=&#8221;auto auto&#8221; rt_bg_position=&#8221;right top&#8221; rt_bg_attachment=&#8221;scroll&#8221;][vc_column_text] Az ALBERT\u00cb, [&hellip;]<\/p>\n","protected":false},"author":1,"featured_media":0,"parent":0,"menu_order":0,"comment_status":"closed","ping_status":"closed","template":"","meta":[],"_links":{"self":[{"href":"http:\/\/albertpark.sk\/hu\/wp-json\/wp\/v2\/pages\/1094"}],"collection":[{"href":"http:\/\/albertpark.sk\/hu\/wp-json\/wp\/v2\/pages"}],"about":[{"href":"http:\/\/albertpark.sk\/hu\/wp-json\/wp\/v2\/types\/page"}],"author":[{"embeddable":true,"href":"http:\/\/albertpark.sk\/hu\/wp-json\/wp\/v2\/users\/1"}],"replies":[{"embeddable":true,"href":"http:\/\/albertpark.sk\/hu\/wp-json\/wp\/v2\/comments?post=1094"}],"version-history":[{"count":4,"href":"http:\/\/albertpark.sk\/hu\/wp-json\/wp\/v2\/pages\/1094\/revisions"}],"predecessor-version":[{"id":1547,"href":"http:\/\/albertpark.sk\/hu\/wp-json\/wp\/v2\/pages\/1094\/revisions\/1547"}],"wp:attachment":[{"href":"http:\/\/albertpark.sk\/hu\/wp-json\/wp\/v2\/media?parent=1094"}],"curies":[{"name":"wp","href":"https:\/\/api.w.org\/{rel}","templated":true}]}}