{"id":1184,"date":"2020-09-29T13:35:14","date_gmt":"2020-09-29T11:35:14","guid":{"rendered":"http:\/\/albertpark.sk\/domov\/"},"modified":"2022-11-03T21:55:15","modified_gmt":"2022-11-03T20:55:15","slug":"domov","status":"publish","type":"page","link":"http:\/\/albertpark.sk\/hu\/","title":{"rendered":"F\u0151oldal"},"content":{"rendered":"<p>[vc_row rt_row_background_width=&#8221;default&#8221; rt_row_style=&#8221;default-style&#8221; rt_row_borders=&#8221;&#8221; rt_row_paddings=&#8221;false&#8221; rt_bg_effect=&#8221;classic&#8221; rt_bg_image_repeat=&#8221;repeat&#8221; rt_bg_size=&#8221;cover&#8221; rt_bg_position=&#8221;right top&#8221; rt_bg_attachment=&#8221;scroll&#8221; rt_bg_video_format=&#8221;self-hosted&#8221; full_width=&#8221;stretch_row_content&#8221; css=&#8221;.vc_custom_1641639598139{margin-top: 0px !important;margin-bottom: 0px !important;padding-top: 0px !important;padding-bottom: 20px !important;}&#8221;][vc_column rt_wrp_col_paddings=&#8221;false&#8221; rt_border_top=&#8221;&#8221; rt_border_bottom=&#8221;&#8221; rt_border_left=&#8221;&#8221; rt_border_right=&#8221;&#8221; rt_border_top_mobile=&#8221;&#8221; rt_border_bottom_mobile=&#8221;&#8221; rt_border_left_mobile=&#8221;&#8221; rt_border_right_mobile=&#8221;&#8221; rt_bg_image_repeat=&#8221;repeat&#8221; rt_bg_size=&#8221;auto auto&#8221; rt_bg_position=&#8221;right top&#8221; rt_bg_attachment=&#8221;scroll&#8221; css=&#8221;.vc_custom_1641643110399{margin-top: 0px !important;padding-top: 0px !important;}&#8221;]\n\t\t\t<!-- START Slider 1 REVOLUTION SLIDER 6.5.12 --><p class=\"rs-p-wp-fix\"><\/p>\n\t\t\t<rs-module-wrap id=\"rev_slider_1_1_wrapper\" data-source=\"gallery\" style=\"visibility:hidden;background:transparent;padding:0;margin:0px auto;margin-top:0;margin-bottom:0;\">\n\t\t\t\t<rs-module id=\"rev_slider_1_1\" style=\"\" data-version=\"6.5.12\">\n\t\t\t\t\t<rs-slides>\n\t\t\t\t\t\t<rs-slide style=\"position: absolute;\" data-key=\"rs-3\" data-title=\"Slide\" data-in=\"o:0;\" data-out=\"a:false;\">\n\t\t\t\t\t\t\t<img src=\"\/\/albertpark.sk\/wp-content\/plugins\/revslider\/public\/assets\/assets\/dummy.png\" alt=\"Slide\" title=\"F\u0151oldal\" class=\"rev-slidebg tp-rs-img rs-lazyload\" data-lazyload=\"\/\/albertpark.sk\/wp-content\/plugins\/revslider\/public\/assets\/assets\/transparent.png\" data-no-retina>\n<!--\n\t\t\t\t\t\t\t--><rs-layer\n\t\t\t\t\t\t\t\tid=\"slider-1-slide-3-layer-0\" \n\t\t\t\t\t\t\t\tclass=\"rs-fsv rs-layer-video intrinsic-ignore\"\n\t\t\t\t\t\t\t\tdata-type=\"video\"\n\t\t\t\t\t\t\t\tdata-rsp_ch=\"on\"\n\t\t\t\t\t\t\t\tdata-xy=\"x:0;y:0;\"\n\t\t\t\t\t\t\t\tdata-text=\"w:normal;s:20,10,7,4;l:0,13,9,6;\"\n\t\t\t\t\t\t\t\tdata-dim=\"w:100%;h:100%;\"\n\t\t\t\t\t\t\t\tdata-video=\"vd:100;fc:true;do:1;l:true;ptimer:false;nse:f;\"\n\t\t\t\t\t\t\t\tdata-ytid=\"z0VZ9iczTDY\"\n\t\t\t\t\t\t\t\tdata-vatr=\"version=3&amp;enablejsapi=1&amp;html5=1&amp;hd=1&amp;wmode=opaque&amp;showinfo=0&amp;rel=0&amp;origin=http:\/\/albertpark.sk;\"\n\t\t\t\t\t\t\t\tdata-frame_999=\"o:0;st:w;\"\n\t\t\t\t\t\t\t\tstyle=\"z-index:5;\"\n\t\t\t\t\t\t\t>\n\t\t\t\t\t\t\t<\/rs-layer><!--\n-->\t\t\t\t\t\t<\/rs-slide>\n\t\t\t\t\t<\/rs-slides>\n\t\t\t\t<\/rs-module>\n\t\t\t\t<script>\n\t\t\t\t\tsetREVStartSize({c: 'rev_slider_1_1',rl:[1240,1024,778,480],el:[700,768,960,720],gw:[1920,1024,778,480],gh:[700,768,960,720],type:'standard',justify:'',layout:'fullwidth',mh:\"0\"});if (window.RS_MODULES!==undefined && window.RS_MODULES.modules!==undefined && window.RS_MODULES.modules[\"revslider11\"]!==undefined) {window.RS_MODULES.modules[\"revslider11\"].once = false;window.revapi1 = undefined;if (window.RS_MODULES.checkMinimal!==undefined) window.RS_MODULES.checkMinimal()}\n\t\t\t\t<\/script>\n\t\t\t\t<script src=\"https:\/\/www.youtube.com\/iframe_api\"><\/script>\n\t\t\t<\/rs-module-wrap>\n\t\t\t<!-- END REVOLUTION SLIDER -->\n[\/vc_column][\/vc_row][vc_row rt_row_background_width=&#8221;default&#8221; rt_row_style=&#8221;default-style&#8221; rt_row_borders=&#8221;&#8221; rt_row_paddings=&#8221;true&#8221; rt_bg_effect=&#8221;classic&#8221; rt_bg_image_repeat=&#8221;repeat&#8221; rt_bg_size=&#8221;cover&#8221; rt_bg_position=&#8221;right top&#8221; rt_bg_attachment=&#8221;scroll&#8221; rt_bg_video_format=&#8221;self-hosted&#8221;][vc_column rt_wrp_col_paddings=&#8221;false&#8221; rt_border_top=&#8221;&#8221; rt_border_bottom=&#8221;&#8221; rt_border_left=&#8221;&#8221; rt_border_right=&#8221;&#8221; rt_border_top_mobile=&#8221;&#8221; rt_border_bottom_mobile=&#8221;&#8221; rt_border_left_mobile=&#8221;&#8221; rt_border_right_mobile=&#8221;&#8221; rt_bg_image_repeat=&#8221;repeat&#8221; rt_bg_size=&#8221;auto auto&#8221; rt_bg_position=&#8221;right top&#8221; rt_bg_attachment=&#8221;scroll&#8221;][vc_column_text]<\/p>\n<p style=\"font-weight: 400; text-align: center;\">HA KIAD\u00d3 INGATLANT KERES GAL\u00c1NT\u00c1N AKKOR N\u00c1LUNK BIZTOSAN MEGTAL\u00c1LJA<\/p>\n<p>[\/vc_column_text][\/vc_column][\/vc_row][vc_row rt_row_background_width=&#8221;default&#8221; rt_row_style=&#8221;default-style&#8221; rt_row_borders=&#8221;&#8221; rt_row_paddings=&#8221;true&#8221; rt_bg_effect=&#8221;classic&#8221; rt_bg_image_repeat=&#8221;repeat&#8221; rt_bg_size=&#8221;cover&#8221; rt_bg_position=&#8221;right top&#8221; rt_bg_attachment=&#8221;scroll&#8221; rt_bg_video_format=&#8221;self-hosted&#8221;][vc_column width=&#8221;1\/3&#8243; rt_wrp_col_paddings=&#8221;false&#8221; rt_border_top=&#8221;&#8221; rt_border_bottom=&#8221;&#8221; rt_border_left=&#8221;&#8221; rt_border_right=&#8221;&#8221; rt_border_top_mobile=&#8221;&#8221; rt_border_bottom_mobile=&#8221;&#8221; rt_border_left_mobile=&#8221;&#8221; rt_border_right_mobile=&#8221;&#8221; rt_bg_image_repeat=&#8221;repeat&#8221; rt_bg_size=&#8221;auto auto&#8221; rt_bg_position=&#8221;right top&#8221; rt_bg_attachment=&#8221;scroll&#8221;]<article  class=\"icon-content-box content-box icon-top icon-style-4\"><div class=\"icon-holder\"><a href=\"http:\/\/albertpark.sk\/hu\/irodak\/\" title=\"Viac info\" target=\"_self\"><span class=\"icon-new-attach-1\"><\/span><\/a><\/div><div class=\"text-holder\">\n\t<h4 class=\"heading\">\n\t\t<a href=\"http:\/\/albertpark.sk\/hu\/irodak\/\" title=\"Irod\u00e1k\" target=\"_self\">\n\t\t\tIrod\u00e1k\n\t\t<\/a>\n\t<\/h4> <p style=\"font-weight: 400;\">3 400 m<sup>2<\/sup>\u00a0\u00a0irodater\u00fclet, 4 \u00e9p\u00fcletben t\u00f6bb mint 140 irodahelyis\u00e9g.<\/p>\n<a class=\"read_more centered\" href=\"http:\/\/albertpark.sk\/hu\/irodak\/\" title=\"Viac info\" target=\"_self\">Viac info<\/a><\/div><\/article>[\/vc_column][vc_column width=&#8221;1\/3&#8243; rt_wrp_col_paddings=&#8221;false&#8221; rt_border_top=&#8221;&#8221; rt_border_bottom=&#8221;&#8221; rt_border_left=&#8221;&#8221; rt_border_right=&#8221;&#8221; rt_border_top_mobile=&#8221;&#8221; rt_border_bottom_mobile=&#8221;&#8221; rt_border_left_mobile=&#8221;&#8221; rt_border_right_mobile=&#8221;&#8221; rt_bg_image_repeat=&#8221;repeat&#8221; rt_bg_size=&#8221;auto auto&#8221; rt_bg_position=&#8221;right top&#8221; rt_bg_attachment=&#8221;scroll&#8221;]<article  class=\"icon-content-box content-box icon-top icon-style-4\"><div class=\"icon-holder\"><a href=\"http:\/\/albertpark.sk\/hu\/csarnok-raktarak\/\" title=\"Viac info\" target=\"_self\"><span class=\"icon-building\"><\/span><\/a><\/div><div class=\"text-holder\">\n\t<h4 class=\"heading\">\n\t\t<a href=\"http:\/\/albertpark.sk\/hu\/csarnok-raktarak\/\" title=\"Csarnok - Rakt\u00e1rak\" target=\"_self\">\n\t\t\tCsarnok - Rakt\u00e1rak\n\t\t<\/a>\n\t<\/h4> <p style=\"font-weight: 400;\">12 000 m<sup>2<\/sup>\u00a0csarnok \u00e9s rakt\u00e1r, k\u00fcl\u00f6nb\u00f6z\u0151 \u00e9p\u00edt\u00e9si szinteken<\/p>\n<a class=\"read_more centered\" href=\"http:\/\/albertpark.sk\/hu\/csarnok-raktarak\/\" title=\"Viac info\" target=\"_self\">Viac info<\/a><\/div><\/article>[\/vc_column][vc_column width=&#8221;1\/3&#8243; rt_wrp_col_paddings=&#8221;false&#8221; rt_border_top=&#8221;&#8221; rt_border_bottom=&#8221;&#8221; rt_border_left=&#8221;&#8221; rt_border_right=&#8221;&#8221; rt_border_top_mobile=&#8221;&#8221; rt_border_bottom_mobile=&#8221;&#8221; rt_border_left_mobile=&#8221;&#8221; rt_border_right_mobile=&#8221;&#8221; rt_bg_image_repeat=&#8221;repeat&#8221; rt_bg_size=&#8221;auto auto&#8221; rt_bg_position=&#8221;right top&#8221; rt_bg_attachment=&#8221;scroll&#8221;]<article  class=\"icon-content-box content-box icon-top icon-style-4\"><div class=\"icon-holder\"><a href=\"http:\/\/albertpark.sk\/hu\/parkolas\/\" title=\"Viac info\" target=\"_self\"><span class=\"icon-truck\"><\/span><\/a><\/div><div class=\"text-holder\">\n\t<h4 class=\"heading\">\n\t\t<a href=\"http:\/\/albertpark.sk\/hu\/parkolas\/\" title=\"Parkol\u00e1s\" target=\"_self\">\n\t\t\tParkol\u00e1s\n\t\t<\/a>\n\t<\/h4> <p style=\"font-weight: 400;\">Parkol\u00f3k t\u00f6bb mint 10 000 m<sup>2<\/sup>\u00a0ter\u00fcleten.<\/p>\n<a class=\"read_more centered\" href=\"http:\/\/albertpark.sk\/hu\/parkolas\/\" title=\"Viac info\" target=\"_self\">Viac info<\/a><\/div><\/article>[\/vc_column][\/vc_row][vc_row rt_row_background_width=&#8221;default&#8221; rt_row_style=&#8221;default-style&#8221; rt_row_borders=&#8221;&#8221; rt_row_paddings=&#8221;true&#8221; rt_bg_effect=&#8221;classic&#8221; rt_bg_image_repeat=&#8221;repeat&#8221; rt_bg_size=&#8221;cover&#8221; rt_bg_position=&#8221;right top&#8221; rt_bg_attachment=&#8221;scroll&#8221; rt_bg_video_format=&#8221;self-hosted&#8221;][vc_column width=&#8221;1\/3&#8243; rt_wrp_col_paddings=&#8221;false&#8221; rt_border_top=&#8221;&#8221; rt_border_bottom=&#8221;&#8221; rt_border_left=&#8221;&#8221; rt_border_right=&#8221;&#8221; rt_border_top_mobile=&#8221;&#8221; rt_border_bottom_mobile=&#8221;&#8221; rt_border_left_mobile=&#8221;&#8221; rt_border_right_mobile=&#8221;&#8221; rt_bg_image_repeat=&#8221;repeat&#8221; rt_bg_size=&#8221;auto auto&#8221; rt_bg_position=&#8221;right top&#8221; rt_bg_attachment=&#8221;scroll&#8221;]<article  class=\"icon-content-box content-box icon-top icon-style-4\"><div class=\"icon-holder\"><a href=\"http:\/\/albertpark.sk\/hu\/szabad-teruletek\/\" title=\"Viac info\" target=\"_self\"><span class=\"icon-check-empty\"><\/span><\/a><\/div><div class=\"text-holder\">\n\t<h4 class=\"heading\">\n\t\t<a href=\"http:\/\/albertpark.sk\/hu\/szabad-teruletek\/\" title=\"Szabad ter\u00fcletek\" target=\"_self\">\n\t\t\tSzabad ter\u00fcletek\n\t\t<\/a>\n\t<\/h4> <p style=\"font-weight: 400;\">Burkolt ter\u00fcletek rakt\u00e1roz\u00e1sra vagy \u00faj l\u00e9tes\u00edtm\u00e9nyek \u00e9p\u00edt\u00e9s\u00e9re 8 000m<sup>2<\/sup>\u00a0nagyobb ter\u00fclettel.<\/p>\n<a class=\"read_more centered\" href=\"http:\/\/albertpark.sk\/hu\/szabad-teruletek\/\" title=\"Viac info\" target=\"_self\">Viac info<\/a><\/div><\/article>[\/vc_column][vc_column width=&#8221;1\/3&#8243; rt_wrp_col_paddings=&#8221;false&#8221; rt_border_top=&#8221;&#8221; rt_border_bottom=&#8221;&#8221; rt_border_left=&#8221;&#8221; rt_border_right=&#8221;&#8221; rt_border_top_mobile=&#8221;&#8221; rt_border_bottom_mobile=&#8221;&#8221; rt_border_left_mobile=&#8221;&#8221; rt_border_right_mobile=&#8221;&#8221; rt_bg_image_repeat=&#8221;repeat&#8221; rt_bg_size=&#8221;auto auto&#8221; rt_bg_position=&#8221;right top&#8221; rt_bg_attachment=&#8221;scroll&#8221;]<article  class=\"icon-content-box content-box icon-top icon-style-4\"><div class=\"icon-holder\"><a href=\"http:\/\/albertpark.sk\/hu\/szallo\/\" title=\"Viac info\" target=\"_self\"><span class=\"icon-users\"><\/span><\/a><\/div><div class=\"text-holder\">\n\t<h4 class=\"heading\">\n\t\t<a href=\"http:\/\/albertpark.sk\/hu\/szallo\/\" title=\"Munk\u00e1ssz\u00e1ll\u00f3\" target=\"_self\">\n\t\t\tMunk\u00e1ssz\u00e1ll\u00f3\n\t\t<\/a>\n\t<\/h4> <p style=\"font-weight: 400;\">Az ALBERT\u00cb, s.r.o. k\u00e9t munk\u00e1ssz\u00e1ll\u00f3ja van. Mindk\u00e9t sz\u00e1ll\u00f3 az ALBERT Bullding komplexum udvar\u00e1n tal\u00e1lhat\u00f3.<\/p>\n<a class=\"read_more centered\" href=\"http:\/\/albertpark.sk\/hu\/szallo\/\" title=\"Viac info\" target=\"_self\">Viac info<\/a><\/div><\/article>[\/vc_column][vc_column width=&#8221;1\/3&#8243; rt_wrp_col_paddings=&#8221;false&#8221; rt_border_top=&#8221;&#8221; rt_border_bottom=&#8221;&#8221; rt_border_left=&#8221;&#8221; rt_border_right=&#8221;&#8221; rt_border_top_mobile=&#8221;&#8221; rt_border_bottom_mobile=&#8221;&#8221; rt_border_left_mobile=&#8221;&#8221; rt_border_right_mobile=&#8221;&#8221; rt_bg_image_repeat=&#8221;repeat&#8221; rt_bg_size=&#8221;auto auto&#8221; rt_bg_position=&#8221;right top&#8221; rt_bg_attachment=&#8221;scroll&#8221;]<article  class=\"icon-content-box content-box icon-top icon-style-4\"><div class=\"icon-holder\"><a href=\"http:\/\/albertpark.sk\/hu\/apartmanok\/\" title=\"Viac info\" target=\"_self\"><span class=\"icon-home-1\"><\/span><\/a><\/div><div class=\"text-holder\">\n\t<h4 class=\"heading\">\n\t\t<a href=\"http:\/\/albertpark.sk\/hu\/apartmanok\/\" title=\"Lak\u00e1sok\" target=\"_self\">\n\t\t\tLak\u00e1sok\n\t\t<\/a>\n\t<\/h4> <p style=\"font-weight: 400;\">T\u00f6bbfunkci\u00f3s \u00e9p\u00fclet\u00fcnkben 4 db h\u00e1romszob\u00e1s, egyenk\u00e9nt 65 m<sup>2<\/sup>\u00a0alapter\u00fclet\u0171 \u00e9s egy 120 m<sup>2<\/sup>\u00a0alapter\u00fclet\u0171 emeletes lak\u00f3egys\u00e9g tal\u00e1lhat\u00f3.<\/p>\n<a class=\"read_more centered\" href=\"http:\/\/albertpark.sk\/hu\/apartmanok\/\" title=\"Viac info\" target=\"_self\">Viac info<\/a><\/div><\/article>[\/vc_column][\/vc_row][vc_row rt_row_background_width=&#8221;default&#8221; rt_row_style=&#8221;default-style&#8221; rt_row_borders=&#8221;&#8221; rt_row_paddings=&#8221;true&#8221; rt_bg_effect=&#8221;classic&#8221; rt_bg_image_repeat=&#8221;repeat&#8221; rt_bg_size=&#8221;cover&#8221; rt_bg_position=&#8221;right top&#8221; rt_bg_attachment=&#8221;scroll&#8221; rt_bg_video_format=&#8221;self-hosted&#8221;][vc_column width=&#8221;1\/3&#8243; rt_wrp_col_paddings=&#8221;false&#8221; rt_border_top=&#8221;&#8221; rt_border_bottom=&#8221;&#8221; rt_border_left=&#8221;&#8221; rt_border_right=&#8221;&#8221; rt_border_top_mobile=&#8221;&#8221; rt_border_bottom_mobile=&#8221;&#8221; rt_border_left_mobile=&#8221;&#8221; rt_border_right_mobile=&#8221;&#8221; rt_bg_image_repeat=&#8221;repeat&#8221; rt_bg_size=&#8221;auto auto&#8221; rt_bg_position=&#8221;right top&#8221; rt_bg_attachment=&#8221;scroll&#8221;]<article  class=\"icon-content-box content-box icon-top icon-style-4\"><div class=\"icon-holder\"><a href=\"http:\/\/albertpark.sk\/hu\/garazsok\/\" title=\"Viac info\" target=\"_self\"><span class=\"icon-truck-1\"><\/span><\/a><\/div><div class=\"text-holder\">\n\t<h4 class=\"heading\">\n\t\t<a href=\"http:\/\/albertpark.sk\/hu\/garazsok\/\" title=\"Gar\u00e1zsok\" target=\"_self\">\n\t\t\tGar\u00e1zsok\n\t\t<\/a>\n\t<\/h4> <p style=\"font-weight: 400;\">Minden telephely\u00fcnk\u00f6n b\u00e9relhet\u0151 gar\u00e1zsokkal is rendelkez\u00fcnk. \u00a0M\u00e9ret\u00fck 15 m<sup>2<\/sup> \u00e9s 60 m<sup>2<\/sup> k\u00f6z\u00f6tt mozog.<\/p>\n<a class=\"read_more centered\" href=\"http:\/\/albertpark.sk\/hu\/garazsok\/\" title=\"Viac info\" target=\"_self\">Viac info<\/a><\/div><\/article>[\/vc_column][vc_column width=&#8221;1\/3&#8243; rt_wrp_col_paddings=&#8221;false&#8221; rt_border_top=&#8221;&#8221; rt_border_bottom=&#8221;&#8221; rt_border_left=&#8221;&#8221; rt_border_right=&#8221;&#8221; rt_border_top_mobile=&#8221;&#8221; rt_border_bottom_mobile=&#8221;&#8221; rt_border_left_mobile=&#8221;&#8221; rt_border_right_mobile=&#8221;&#8221; rt_bg_image_repeat=&#8221;repeat&#8221; rt_bg_size=&#8221;auto auto&#8221; rt_bg_position=&#8221;right top&#8221; rt_bg_attachment=&#8221;scroll&#8221;]<article  class=\"icon-content-box content-box icon-top icon-style-4\"><div class=\"icon-holder\"><a href=\"http:\/\/albertpark.sk\/hu\/archivum\/\" title=\"Viac info\" target=\"_self\"><span class=\"icon-doc-alt\"><\/span><\/a><\/div><div class=\"text-holder\">\n\t<h4 class=\"heading\">\n\t\t<a href=\"http:\/\/albertpark.sk\/hu\/archivum\/\" title=\"Arch\u00edvum\" target=\"_self\">\n\t\t\tArch\u00edvum\n\t\t<\/a>\n\t<\/h4> <p style=\"font-weight: 400;\">Az iroda\u00e9p\u00fcleteink alatti alagsorban t\u00f6bb mint 250 m<sup>2 <\/sup>k\u00edn\u00e1lunk k\u00fcl\u00f6nf\u00e9le iratok hat\u00e9kony t\u00e1rol\u00e1s\u00e1ra.<\/p>\n<a class=\"read_more centered\" href=\"http:\/\/albertpark.sk\/hu\/archivum\/\" title=\"Viac info\" target=\"_self\">Viac info<\/a><\/div><\/article>[\/vc_column][vc_column width=&#8221;1\/3&#8243; rt_wrp_col_paddings=&#8221;false&#8221; rt_border_top=&#8221;&#8221; rt_border_bottom=&#8221;&#8221; rt_border_left=&#8221;&#8221; rt_border_right=&#8221;&#8221; rt_border_top_mobile=&#8221;&#8221; rt_border_bottom_mobile=&#8221;&#8221; rt_border_left_mobile=&#8221;&#8221; rt_border_right_mobile=&#8221;&#8221; rt_bg_image_repeat=&#8221;repeat&#8221; rt_bg_size=&#8221;auto auto&#8221; rt_bg_position=&#8221;right top&#8221; rt_bg_attachment=&#8221;scroll&#8221;]<article  class=\"icon-content-box content-box icon-top icon-style-4\"><div class=\"icon-holder\"><a href=\"http:\/\/albertpark.sk\/hu\/virtualis-kozpont\/\" title=\"Viac info\" target=\"_self\"><span class=\"icon-location-1\"><\/span><\/a><\/div><div class=\"text-holder\">\n\t<h4 class=\"heading\">\n\t\t<a href=\"http:\/\/albertpark.sk\/hu\/virtualis-kozpont\/\" title=\"Virtu\u00e1lis k\u00f6zpont\" target=\"_self\">\n\t\t\tVirtu\u00e1lis k\u00f6zpont\n\t\t<\/a>\n\t<\/h4> <p style=\"font-weight: 400;\">Adminisztrat\u00edv \u00e9p\u00fclet\u00fcnkben jogi szem\u00e9lyek r\u00e9sz\u00e9re virtu\u00e1lis &#8211; bejegyzett irod\u00e1k elhelyez\u00e9s\u00e9re is lehet\u0151s\u00e9g van.<\/p>\n<a class=\"read_more centered\" href=\"http:\/\/albertpark.sk\/hu\/virtualis-kozpont\/\" title=\"Viac info\" target=\"_self\">Viac info<\/a><\/div><\/article>[\/vc_column][\/vc_row]<\/p>\n","protected":false},"excerpt":{"rendered":"<p>[vc_row rt_row_background_width=&#8221;default&#8221; rt_row_style=&#8221;default-style&#8221; rt_row_borders=&#8221;&#8221; rt_row_paddings=&#8221;false&#8221; rt_bg_effect=&#8221;classic&#8221; rt_bg_image_repeat=&#8221;repeat&#8221; rt_bg_size=&#8221;cover&#8221; rt_bg_position=&#8221;right top&#8221; rt_bg_attachment=&#8221;scroll&#8221; rt_bg_video_format=&#8221;self-hosted&#8221; full_width=&#8221;stretch_row_content&#8221; css=&#8221;.vc_custom_1641639598139{margin-top: 0px !important;margin-bottom: 0px !important;padding-top: 0px !important;padding-bottom: 20px !important;}&#8221;][vc_column rt_wrp_col_paddings=&#8221;false&#8221; rt_border_top=&#8221;&#8221; rt_border_bottom=&#8221;&#8221; rt_border_left=&#8221;&#8221; rt_border_right=&#8221;&#8221; rt_border_top_mobile=&#8221;&#8221; rt_border_bottom_mobile=&#8221;&#8221; rt_border_left_mobile=&#8221;&#8221; rt_border_right_mobile=&#8221;&#8221; rt_bg_image_repeat=&#8221;repeat&#8221; rt_bg_size=&#8221;auto auto&#8221; rt_bg_position=&#8221;right top&#8221; rt_bg_attachment=&#8221;scroll&#8221; css=&#8221;.vc_custom_1641643110399{margin-top: 0px !important;padding-top: 0px !important;}&#8221;][\/vc_column][\/vc_row][vc_row rt_row_background_width=&#8221;default&#8221; rt_row_style=&#8221;default-style&#8221; rt_row_borders=&#8221;&#8221; rt_row_paddings=&#8221;true&#8221; rt_bg_effect=&#8221;classic&#8221; rt_bg_image_repeat=&#8221;repeat&#8221; rt_bg_size=&#8221;cover&#8221; rt_bg_position=&#8221;right top&#8221; rt_bg_attachment=&#8221;scroll&#8221; rt_bg_video_format=&#8221;self-hosted&#8221;][vc_column rt_wrp_col_paddings=&#8221;false&#8221; rt_border_top=&#8221;&#8221; [&hellip;]<\/p>\n","protected":false},"author":1,"featured_media":0,"parent":0,"menu_order":0,"comment_status":"closed","ping_status":"open","template":"","meta":[],"_links":{"self":[{"href":"http:\/\/albertpark.sk\/hu\/wp-json\/wp\/v2\/pages\/1184"}],"collection":[{"href":"http:\/\/albertpark.sk\/hu\/wp-json\/wp\/v2\/pages"}],"about":[{"href":"http:\/\/albertpark.sk\/hu\/wp-json\/wp\/v2\/types\/page"}],"author":[{"embeddable":true,"href":"http:\/\/albertpark.sk\/hu\/wp-json\/wp\/v2\/users\/1"}],"replies":[{"embeddable":true,"href":"http:\/\/albertpark.sk\/hu\/wp-json\/wp\/v2\/comments?post=1184"}],"version-history":[{"count":5,"href":"http:\/\/albertpark.sk\/hu\/wp-json\/wp\/v2\/pages\/1184\/revisions"}],"predecessor-version":[{"id":1541,"href":"http:\/\/albertpark.sk\/hu\/wp-json\/wp\/v2\/pages\/1184\/revisions\/1541"}],"wp:attachment":[{"href":"http:\/\/albertpark.sk\/hu\/wp-json\/wp\/v2\/media?parent=1184"}],"curies":[{"name":"wp","href":"https:\/\/api.w.org\/{rel}","templated":true}]}}