{"id":905,"date":"2021-12-16T08:32:23","date_gmt":"2021-12-16T07:32:23","guid":{"rendered":"http:\/\/albertpark.sk\/kancelarie\/"},"modified":"2022-11-03T21:56:03","modified_gmt":"2022-11-03T20:56:03","slug":"irodak","status":"publish","type":"page","link":"http:\/\/albertpark.sk\/hu\/irodak\/","title":{"rendered":"Irod\u00e1k"},"content":{"rendered":"<p>[vc_row rt_row_background_width=&#8221;default&#8221; rt_row_style=&#8221;default-style&#8221; rt_row_borders=&#8221;&#8221; rt_row_paddings=&#8221;true&#8221; rt_bg_effect=&#8221;classic&#8221; rt_bg_image_repeat=&#8221;repeat&#8221; rt_bg_size=&#8221;cover&#8221; rt_bg_position=&#8221;right top&#8221; rt_bg_attachment=&#8221;scroll&#8221; rt_bg_video_format=&#8221;self-hosted&#8221;][vc_column rt_wrp_col_paddings=&#8221;false&#8221; rt_border_top=&#8221;&#8221; rt_border_bottom=&#8221;&#8221; rt_border_left=&#8221;&#8221; rt_border_right=&#8221;&#8221; rt_border_top_mobile=&#8221;&#8221; rt_border_bottom_mobile=&#8221;&#8221; rt_border_left_mobile=&#8221;&#8221; rt_border_right_mobile=&#8221;&#8221; rt_bg_image_repeat=&#8221;repeat&#8221; rt_bg_size=&#8221;auto auto&#8221; rt_bg_position=&#8221;right top&#8221; rt_bg_attachment=&#8221;scroll&#8221;]<div class=\"rt_heading_wrapper style-2\">\n\t\t\t\t\t\t<h1 class=\"rt_heading  style-2\"  style=\"margin-top:20px;\"><span class=\"icon-new-attach-1 heading_icon\"><\/span>Irod\u00e1k<\/h1>\n\t\t\t\t\t<\/div>[\/vc_column][\/vc_row][vc_row rt_row_background_width=&#8221;default&#8221; rt_row_style=&#8221;default-style&#8221; rt_row_borders=&#8221;&#8221; rt_row_paddings=&#8221;true&#8221; rt_bg_effect=&#8221;classic&#8221; rt_bg_image_repeat=&#8221;repeat&#8221; rt_bg_size=&#8221;cover&#8221; rt_bg_position=&#8221;right top&#8221; rt_bg_attachment=&#8221;scroll&#8221; rt_bg_video_format=&#8221;self-hosted&#8221;][vc_column rt_wrp_col_paddings=&#8221;false&#8221; rt_border_top=&#8221;&#8221; rt_border_bottom=&#8221;&#8221; rt_border_left=&#8221;&#8221; rt_border_right=&#8221;&#8221; rt_border_top_mobile=&#8221;&#8221; rt_border_bottom_mobile=&#8221;&#8221; rt_border_left_mobile=&#8221;&#8221; rt_border_right_mobile=&#8221;&#8221; rt_bg_image_repeat=&#8221;repeat&#8221; rt_bg_size=&#8221;auto auto&#8221; rt_bg_position=&#8221;right top&#8221; rt_bg_attachment=&#8221;scroll&#8221;][vc_column_text]<\/p>\n<p style=\"font-weight: 400;\">Az ALBERT\u00cb, s.r.o. Gal\u00e1nt\u00e1n 4 \u00e9p\u00fcletben t\u00f6bb mint 3400 m2-en kialak\u00edtott, 140 -et meghalad\u00f3 irodahelyis\u00e9ggel rendelkezik. A T\u00e1rsas\u00e1g a JAS lak\u00f3telepi sz\u00e9khely\u00e9n az irodahelyis\u00e9geink hossz\u00fat\u00e1vra m\u00e1r b\u00e9rbead\u00e1sra ker\u00fcltek, de ebben az \u00e9p\u00fcletben is mindig akad egy-egy kiadand\u00f3 helys\u00e9g.<\/p>\n<p style=\"font-weight: 400;\">Az ALBERT Building \u00e9p\u00fcletkomplexum k\u00e9t \u00e9p\u00fclet\u00e9ben t\u00f6bb mint 110 irodahelyis\u00e9g tal\u00e1lhat\u00f3. Mink\u00e9t \u00e9p\u00fclet megk\u00f6zel\u00edthet\u0151 \u00fagy a Kod\u00e1ly utc\u00e1r\u00f3l, ahogy a komplexum udvara fel\u0151l is. Minden\u00a0b\u00e9rl\u0151nek saj\u00e1t c\u00e9gt\u00e1bl\u00e1ja van az \u00e9p\u00fclet inform\u00e1ci\u00f3st\u00e1bl\u00e1j\u00e1n, valamint saj\u00e1t, k\u00fcl\u00f6n postal\u00e1d\u00e1val rendelkezik. A megfelel\u0151 sz\u00e1m\u00fa, sz\u00ednvonalon tartott szoci\u00e1lis helyis\u00e9gek mag\u00e1t\u00f3l \u00e9rtet\u0151d\u0151ek. Az irod\u00e1k mind fizikailag, mind technikai eszk\u00f6z\u00f6kkel \u2013 riaszt\u00f3 \u00e9s teljes kamerarendszerrel \u2013 a nap 24 \u00f3r\u00e1j\u00e1ban \u0151rizve vannak. Napk\u00f6zben karbantart\u00f3k \u00e9s takar\u00edt\u00f3k \u00e1llnak az \u00e1ltalunk b\u00e9rbe adott ingatlanok rendelkez\u00e9s\u00e9re \u00e9s zavartalan haszn\u00e1lat\u00e1nak biztos\u00edt\u00e1s\u00e1ra.<\/p>\n<p style=\"font-weight: 400;\">Az \u00e9p\u00fcletkomplexumunkban egy \u00faj mag\u00e1n\u00f3voda is m\u0171k\u00f6dik.<\/p>\n<p style=\"font-weight: 400;\">A b\u00e9rl\u0151knek k\u00f6zvetlen\u00fcl az \u00e9p\u00fcletek bej\u00e1ratain\u00e1l tudunk parkol\u00f3t biztos\u00edtani.<\/p>\n<p>[\/vc_column_text][\/vc_column][\/vc_row][vc_row rt_row_background_width=&#8221;default&#8221; rt_row_style=&#8221;default-style&#8221; rt_row_borders=&#8221;&#8221; rt_row_paddings=&#8221;true&#8221; rt_bg_effect=&#8221;classic&#8221; rt_bg_image_repeat=&#8221;repeat&#8221; rt_bg_size=&#8221;cover&#8221; rt_bg_position=&#8221;right top&#8221; rt_bg_attachment=&#8221;scroll&#8221; rt_bg_video_format=&#8221;self-hosted&#8221;][vc_column rt_wrp_col_paddings=&#8221;false&#8221; rt_border_top=&#8221;&#8221; rt_border_bottom=&#8221;&#8221; rt_border_left=&#8221;&#8221; rt_border_right=&#8221;&#8221; rt_border_top_mobile=&#8221;&#8221; rt_border_bottom_mobile=&#8221;&#8221; rt_border_left_mobile=&#8221;&#8221; rt_border_right_mobile=&#8221;&#8221; rt_bg_image_repeat=&#8221;repeat&#8221; rt_bg_size=&#8221;auto auto&#8221; rt_bg_position=&#8221;right top&#8221; rt_bg_attachment=&#8221;scroll&#8221;][vc_gallery type=&#8221;image_grid&#8221; images=&#8221;1304,1307,1310,1313,1316,1319,1322,1325,1328,1331,1334,1337,1340,1343,1346,1349&#8243;][\/vc_column][\/vc_row]<\/p>\n","protected":false},"excerpt":{"rendered":"<p>[vc_row rt_row_background_width=&#8221;default&#8221; rt_row_style=&#8221;default-style&#8221; rt_row_borders=&#8221;&#8221; rt_row_paddings=&#8221;true&#8221; rt_bg_effect=&#8221;classic&#8221; rt_bg_image_repeat=&#8221;repeat&#8221; rt_bg_size=&#8221;cover&#8221; rt_bg_position=&#8221;right top&#8221; rt_bg_attachment=&#8221;scroll&#8221; rt_bg_video_format=&#8221;self-hosted&#8221;][vc_column rt_wrp_col_paddings=&#8221;false&#8221; rt_border_top=&#8221;&#8221; rt_border_bottom=&#8221;&#8221; rt_border_left=&#8221;&#8221; rt_border_right=&#8221;&#8221; rt_border_top_mobile=&#8221;&#8221; rt_border_bottom_mobile=&#8221;&#8221; rt_border_left_mobile=&#8221;&#8221; rt_border_right_mobile=&#8221;&#8221; rt_bg_image_repeat=&#8221;repeat&#8221; rt_bg_size=&#8221;auto auto&#8221; rt_bg_position=&#8221;right top&#8221; rt_bg_attachment=&#8221;scroll&#8221;][\/vc_column][\/vc_row][vc_row rt_row_background_width=&#8221;default&#8221; rt_row_style=&#8221;default-style&#8221; rt_row_borders=&#8221;&#8221; rt_row_paddings=&#8221;true&#8221; rt_bg_effect=&#8221;classic&#8221; rt_bg_image_repeat=&#8221;repeat&#8221; rt_bg_size=&#8221;cover&#8221; rt_bg_position=&#8221;right top&#8221; rt_bg_attachment=&#8221;scroll&#8221; rt_bg_video_format=&#8221;self-hosted&#8221;][vc_column rt_wrp_col_paddings=&#8221;false&#8221; rt_border_top=&#8221;&#8221; rt_border_bottom=&#8221;&#8221; rt_border_left=&#8221;&#8221; rt_border_right=&#8221;&#8221; rt_border_top_mobile=&#8221;&#8221; rt_border_bottom_mobile=&#8221;&#8221; rt_border_left_mobile=&#8221;&#8221; rt_border_right_mobile=&#8221;&#8221; rt_bg_image_repeat=&#8221;repeat&#8221; rt_bg_size=&#8221;auto auto&#8221; rt_bg_position=&#8221;right top&#8221; rt_bg_attachment=&#8221;scroll&#8221;][vc_column_text] Az ALBERT\u00cb, [&hellip;]<\/p>\n","protected":false},"author":1,"featured_media":0,"parent":0,"menu_order":0,"comment_status":"closed","ping_status":"closed","template":"","meta":[],"_links":{"self":[{"href":"http:\/\/albertpark.sk\/hu\/wp-json\/wp\/v2\/pages\/905"}],"collection":[{"href":"http:\/\/albertpark.sk\/hu\/wp-json\/wp\/v2\/pages"}],"about":[{"href":"http:\/\/albertpark.sk\/hu\/wp-json\/wp\/v2\/types\/page"}],"author":[{"embeddable":true,"href":"http:\/\/albertpark.sk\/hu\/wp-json\/wp\/v2\/users\/1"}],"replies":[{"embeddable":true,"href":"http:\/\/albertpark.sk\/hu\/wp-json\/wp\/v2\/comments?post=905"}],"version-history":[{"count":4,"href":"http:\/\/albertpark.sk\/hu\/wp-json\/wp\/v2\/pages\/905\/revisions"}],"predecessor-version":[{"id":1543,"href":"http:\/\/albertpark.sk\/hu\/wp-json\/wp\/v2\/pages\/905\/revisions\/1543"}],"wp:attachment":[{"href":"http:\/\/albertpark.sk\/hu\/wp-json\/wp\/v2\/media?parent=905"}],"curies":[{"name":"wp","href":"https:\/\/api.w.org\/{rel}","templated":true}]}}